{"id":2,"date":"2010-11-11T04:16:07","date_gmt":"2010-11-11T04:16:07","guid":{"rendered":"http:\/\/satisfeitayolanda.com.br\/blog\/?page_id=2"},"modified":"2013-02-07T01:41:52","modified_gmt":"2013-02-07T04:41:52","slug":"as-yolandas","status":"publish","type":"page","link":"https:\/\/www.satisfeitayolanda.com.br\/blog\/as-yolandas\/","title":{"rendered":"As Yolandas"},"content":{"rendered":"<div id=\"attachment_8974\" style=\"width: 610px\" class=\"wp-caption aligncenter\"><a href=\"http:\/\/www.satisfeitayolanda.com.br\/blog\/as-yolandas\/yolanda-blog-2\/\" rel=\"attachment wp-att-8974\"><img aria-describedby=\"caption-attachment-8974\" loading=\"lazy\" src=\"http:\/\/www.satisfeitayolanda.com.br\/blog\/wp-content\/uploads\/2010\/11\/yolanda.blog_.jpg\" alt=\"Foto: Nando Chiappetta\" width=\"600\" height=\"398\" class=\"size-full wp-image-8974\" srcset=\"https:\/\/www.satisfeitayolanda.com.br\/blog\/wp-content\/uploads\/2010\/11\/yolanda.blog_.jpg 600w, https:\/\/www.satisfeitayolanda.com.br\/blog\/wp-content\/uploads\/2010\/11\/yolanda.blog_-300x199.jpg 300w\" sizes=\"(max-width: 600px) 100vw, 600px\" \/><\/a><p id=\"caption-attachment-8974\" class=\"wp-caption-text\">Foto: Nando Chiappetta<\/p><\/div>\n<p>A montagem <em>O livro de J\u00f3<\/em>, do Teatro da Vertigem, era apresentada nos corredores e salas de um hospital abandonado em S\u00e3o Paulo. Em cena, o ator Matheus Nachtergaele era pendurado num pau-de-arara, gotejava de sangue e suor e caminhava nu entre o p\u00fablico. Uma noite, duas senhoras acompanhavam a apresenta\u00e7\u00e3o. L\u00e1 pelas tantas, uma delas surpreende &#8211; inclusive os atores -, ao inquirir a companheira: \u201cSatisfeita, Yolanda?\u201d<\/p>\n<p>O blog <em>Satisfeita, Yolanda?<\/em> \u00e9 um espa\u00e7o para cr\u00edticas, entrevistas, reportagens, bastidores. E, principalmente, para dar continuidade e repercuss\u00e3o ao processo de cria\u00e7\u00e3o da arte teatral. As Yolandas \u2013 Ivana Moura e Pollyanna Diniz \u2013 s\u00e3o jornalistas pernambucanas, apaixonadas por teatro.<\/p>\n<p>Contato: <a href=\"maito:satisfeitayolanda@gmail.com\">satisfeitayolanda@gmail.com<\/a><\/p>\n","protected":false},"excerpt":{"rendered":"<p>A montagem O livro de J\u00f3, do Teatro da Vertigem, era apresentada nos corredores e salas de um hospital abandonado em S\u00e3o Paulo. Em cena, o ator Matheus Nachtergaele era pendurado num pau-de-arara, gotejava de sangue e suor e caminhava nu entre o p\u00fablico. Uma noite, duas senhoras acompanhavam a apresenta\u00e7\u00e3o. L\u00e1 pelas tantas, uma [&hellip;]<\/p>\n","protected":false},"author":1,"featured_media":0,"parent":0,"menu_order":0,"comment_status":"closed","ping_status":"closed","template":"","meta":{"ngg_post_thumbnail":0},"_links":{"self":[{"href":"https:\/\/www.satisfeitayolanda.com.br\/blog\/wp-json\/wp\/v2\/pages\/2"}],"collection":[{"href":"https:\/\/www.satisfeitayolanda.com.br\/blog\/wp-json\/wp\/v2\/pages"}],"about":[{"href":"https:\/\/www.satisfeitayolanda.com.br\/blog\/wp-json\/wp\/v2\/types\/page"}],"author":[{"embeddable":true,"href":"https:\/\/www.satisfeitayolanda.com.br\/blog\/wp-json\/wp\/v2\/users\/1"}],"replies":[{"embeddable":true,"href":"https:\/\/www.satisfeitayolanda.com.br\/blog\/wp-json\/wp\/v2\/comments?post=2"}],"version-history":[{"count":12,"href":"https:\/\/www.satisfeitayolanda.com.br\/blog\/wp-json\/wp\/v2\/pages\/2\/revisions"}],"predecessor-version":[{"id":134,"href":"https:\/\/www.satisfeitayolanda.com.br\/blog\/wp-json\/wp\/v2\/pages\/2\/revisions\/134"}],"wp:attachment":[{"href":"https:\/\/www.satisfeitayolanda.com.br\/blog\/wp-json\/wp\/v2\/media?parent=2"}],"curies":[{"name":"wp","href":"https:\/\/api.w.org\/{rel}","templated":true}]}}